{"id":2214,"date":"2023-09-01T06:13:21","date_gmt":"2023-09-01T06:13:21","guid":{"rendered":"https:\/\/exceladvisor.org\/tr\/yetersiz-bellek-hatasi-7\/"},"modified":"2023-12-10T06:05:01","modified_gmt":"2023-12-10T06:05:01","slug":"yetersiz-bellek-hatasi-7","status":"publish","type":"page","link":"https:\/\/exceladvisor.org\/tr\/yetersiz-bellek-hatasi-7\/","title":{"rendered":"Vba bellek yetersiz hatas\u0131 nas\u0131l d\u00fczeltilir?"},"content":{"rendered":"<div class=\"excel-icerikten-once\" id=\"excel-243900563\"><script type=\"text\/javascript\">\r\n\tatOptions = {\r\n\t\t'key' : 'c1158f160081d6540a8409e6925dab94',\r\n\t\t'format' : 'iframe',\r\n\t\t'height' : 250,\r\n\t\t'width' : 300,\r\n\t\t'params' : {}\r\n\t};\r\n<\/script>\r\n<script type=\"text\/javascript\" src=\"\/\/www.highperformanceformat.com\/c1158f160081d6540a8409e6925dab94\/invoke.js\"><\/script><\/div> <p>VBA hatas\u0131 7 (bellek yetersiz), sisteminizde makroyu \u00e7al\u0131\u015ft\u0131rmak \u00fczere Excel&#8217;i kaydedecek kaynaklar kalmad\u0131\u011f\u0131nda ortaya \u00e7\u0131kar. Sisteminizde kayna\u011f\u0131n bir k\u0131sm\u0131n\u0131 alan bir uygulamay\u0131 a\u00e7t\u0131\u011f\u0131n\u0131zda makro \u00e7al\u0131\u015ft\u0131rmay\u0131 denemek zorunda kal\u0131rsan\u0131z ve sahip oldu\u011funuz kaynak yeterli de\u011filse hata 7 al\u0131rs\u0131n\u0131z.<\/p><p> Bunun d\u0131\u015f\u0131nda bu hatayla (bellek yetersiz) kar\u015f\u0131la\u015ft\u0131\u011f\u0131n\u0131zda kontrol etmeniz gereken birka\u00e7 \u015fey var.<\/p><ol type=\"1\"><li> Dedi\u011fim gibi, sistemin bellekte \u00e7al\u0131\u015fmas\u0131na neden olan \u00e7ok say\u0131da uygulaman\u0131z \u00e7al\u0131\u015f\u0131yor olabilir. Gereksiz t\u00fcm uygulamalar\u0131 kapatabilirsiniz.<\/li><li> Ayn\u0131 mod\u00fclde \u00e7ok say\u0131da uzun kodunuz var. T\u00fcm bu kodlar i\u00e7in farkl\u0131 mod\u00fcller kullanmay\u0131 deneyebilirsiniz.<\/li><li> Windows&#8217;un sanal belle\u011fi t\u00fckeniyor.<\/li><\/ol><p> A\u015fa\u011f\u0131da bu hatayla ba\u015fa \u00e7\u0131kman\u0131za yard\u0131mc\u0131 olabilecek baz\u0131 ba\u011flant\u0131lar\u0131 payla\u015ft\u0131m.<\/p><ul><li> <a href=\"https:\/\/stackoverflow.com\/questions\/18277514\/run-time-error-7-out-of-memory\" target=\"_blank\" rel=\"noreferrer noopener nofollow\">Y\u0131\u011f\u0131n Ta\u015fmas\u0131<\/a><\/li><li> <a href=\"https:\/\/www.mrexcel.com\/board\/threads\/excel-vba-run-time-error-7-out-of-memory.999073\/\" target=\"_blank\" rel=\"noreferrer noopener nofollow\">Bay Excel<\/a><\/li><li> <a href=\"https:\/\/stackoverflow.com\/questions\/14396998\/how-to-clear-memory-to-prevent-out-of-memory-error-in-excel-vba\" target=\"_blank\" rel=\"noreferrer noopener nofollow\">Haf\u0131zay\u0131 temizle<\/a><\/li><\/ul><div class=\"gb-container gb-container-4db6181c gb-container-mt\"> <a class=\"gb-button gb-button-c5897111 gb-button-text gb-button-mt-button\" href=\"https:\/\/exceladvisor.org\/tr\/vba\/\">VBA nedir<\/a><h2 class=\"gb-headline gb-headline-665e5f6b gb-headline-text gb-headline-mt-heading\"> \u0130lgili e\u011fitimler <\/h2><div class=\"gb-grid-wrapper gb-grid-wrapper-a20baf7c gb-grid-wrapper-mt-grid\"><div class=\"gb-grid-column gb-grid-column-65ddf67e\"><div class=\"gb-container gb-container-65ddf67e\"><ul><li> <a href=\"https:\/\/exceladvisor.org\/tr\/hata-yonetimi\/\">VBA hata i\u015fleme<\/a><\/li><li> <a href=\"https:\/\/exceladvisor.org\/tr\/otomasyon-hatasi-440\/\">VBA otomasyon hatas\u0131 (Hata 440)<\/a><\/li><li> <a href=\"https:\/\/exceladvisor.org\/tr\/hata-400\/\">VBA hatas\u0131 400<\/a><\/li><li> <a href=\"https:\/\/exceladvisor.org\/tr\/gecersiz-prosedur-cagrisi-veya-bagimsiz-degisken-hatasi-5\/\">Ge\u00e7ersiz VBA prosed\u00fcr\u00fc \u00e7a\u011fr\u0131s\u0131 veya ba\u011f\u0131ms\u0131z de\u011fi\u015fken hatas\u0131 (Hata 5)<\/a><\/li><li> <a href=\"https:\/\/exceladvisor.org\/tr\/nesne-bu-ozelligi-veya-yontemi-desteklemiyor-hatasi-438\/\">VBA nesnesi bu \u00f6zelli\u011fi veya y\u00f6ntem hatas\u0131n\u0131 desteklemiyor (Hata 438)<\/a> <\/li><\/ul><\/div><\/div><div class=\"gb-grid-column gb-grid-column-50067b57\"><div class=\"gb-container gb-container-50067b57\"><\/div><\/div><\/div><\/div>","protected":false},"excerpt":{"rendered":"","protected":false},"author":1,"featured_media":0,"parent":0,"menu_order":0,"comment_status":"open","ping_status":"closed","template":"","meta":{"ub_ctt_via":"","footnotes":""},"class_list":["post-2214","page","type-page","status-publish","hentry"],"featured_image_src":null,"yoast_head":"<!-- This site is optimized with the Yoast SEO plugin v25.4 - https:\/\/yoast.com\/wordpress\/plugins\/seo\/ -->\n<title>VBA Bellek Yetersiz Hatas\u0131 Nas\u0131l D\u00fczeltilir?<\/title>\n<meta name=\"description\" content=\"Bu e\u011fitimde neden yetersiz bellek (hata 7) olu\u015ftu\u011funu ve yazarken bununla nas\u0131l ba\u015fa \u00e7\u0131kaca\u011f\u0131n\u0131z\u0131 \u00f6\u011freneceksiniz.\" \/>\n<meta name=\"robots\" content=\"index, follow, max-snippet:-1, max-image-preview:large, max-video-preview:-1\" \/>\n<link rel=\"canonical\" href=\"https:\/\/exceladvisor.org\/tr\/yetersiz-bellek-hatasi-7\/\" \/>\n<meta property=\"og:locale\" content=\"tr_TR\" \/>\n<meta property=\"og:type\" content=\"article\" \/>\n<meta property=\"og:title\" content=\"VBA Bellek Yetersiz Hatas\u0131 Nas\u0131l D\u00fczeltilir?\" \/>\n<meta property=\"og:description\" content=\"Bu e\u011fitimde neden yetersiz bellek (hata 7) olu\u015ftu\u011funu ve yazarken bununla nas\u0131l ba\u015fa \u00e7\u0131kaca\u011f\u0131n\u0131z\u0131 \u00f6\u011freneceksiniz.\" \/>\n<meta property=\"og:url\" content=\"https:\/\/exceladvisor.org\/tr\/yetersiz-bellek-hatasi-7\/\" \/>\n<meta property=\"og:site_name\" content=\"Excel Advisor\" \/>\n<meta property=\"article:modified_time\" content=\"2023-12-10T06:05:01+00:00\" \/>\n<meta name=\"twitter:card\" content=\"summary_large_image\" \/>\n<meta name=\"twitter:label1\" content=\"Tahmini okuma s\u00fcresi\" \/>\n\t<meta name=\"twitter:data1\" content=\"1 dakika\" \/>\n<script type=\"application\/ld+json\" class=\"yoast-schema-graph\">{\"@context\":\"https:\/\/schema.org\",\"@graph\":[{\"@type\":\"WebPage\",\"@id\":\"https:\/\/exceladvisor.org\/tr\/yetersiz-bellek-hatasi-7\/\",\"url\":\"https:\/\/exceladvisor.org\/tr\/yetersiz-bellek-hatasi-7\/\",\"name\":\"VBA Bellek Yetersiz Hatas\u0131 Nas\u0131l D\u00fczeltilir?\",\"isPartOf\":{\"@id\":\"https:\/\/exceladvisor.org\/tr\/#website\"},\"datePublished\":\"2023-09-01T06:13:21+00:00\",\"dateModified\":\"2023-12-10T06:05:01+00:00\",\"description\":\"Bu e\u011fitimde neden yetersiz bellek (hata 7) olu\u015ftu\u011funu ve yazarken bununla nas\u0131l ba\u015fa \u00e7\u0131kaca\u011f\u0131n\u0131z\u0131 \u00f6\u011freneceksiniz.\",\"breadcrumb\":{\"@id\":\"https:\/\/exceladvisor.org\/tr\/yetersiz-bellek-hatasi-7\/#breadcrumb\"},\"inLanguage\":\"tr\",\"potentialAction\":[{\"@type\":\"ReadAction\",\"target\":[\"https:\/\/exceladvisor.org\/tr\/yetersiz-bellek-hatasi-7\/\"]}]},{\"@type\":\"BreadcrumbList\",\"@id\":\"https:\/\/exceladvisor.org\/tr\/yetersiz-bellek-hatasi-7\/#breadcrumb\",\"itemListElement\":[{\"@type\":\"ListItem\",\"position\":1,\"name\":\"Ev\",\"item\":\"https:\/\/exceladvisor.org\/tr\/\"},{\"@type\":\"ListItem\",\"position\":2,\"name\":\"Vba bellek yetersiz hatas\u0131 nas\u0131l d\u00fczeltilir?\"}]},{\"@type\":\"WebSite\",\"@id\":\"https:\/\/exceladvisor.org\/tr\/#website\",\"url\":\"https:\/\/exceladvisor.org\/tr\/\",\"name\":\"Excel Advisor\",\"description\":\"Veri hakimiyetine y\u00f6nelik nihai rehberiniz!\",\"publisher\":{\"@id\":\"https:\/\/exceladvisor.org\/tr\/#organization\"},\"potentialAction\":[{\"@type\":\"SearchAction\",\"target\":{\"@type\":\"EntryPoint\",\"urlTemplate\":\"https:\/\/exceladvisor.org\/tr\/?s={search_term_string}\"},\"query-input\":{\"@type\":\"PropertyValueSpecification\",\"valueRequired\":true,\"valueName\":\"search_term_string\"}}],\"inLanguage\":\"tr\"},{\"@type\":\"Organization\",\"@id\":\"https:\/\/exceladvisor.org\/tr\/#organization\",\"name\":\"Excel Advisor\",\"url\":\"https:\/\/exceladvisor.org\/tr\/\",\"logo\":{\"@type\":\"ImageObject\",\"inLanguage\":\"tr\",\"@id\":\"https:\/\/exceladvisor.org\/tr\/#\/schema\/logo\/image\/\",\"url\":\"https:\/\/exceladvisor.org\/tr\/wp-content\/uploads\/2023\/12\/exceladvisor.org_.png\",\"contentUrl\":\"https:\/\/exceladvisor.org\/tr\/wp-content\/uploads\/2023\/12\/exceladvisor.org_.png\",\"width\":105,\"height\":36,\"caption\":\"Excel Advisor\"},\"image\":{\"@id\":\"https:\/\/exceladvisor.org\/tr\/#\/schema\/logo\/image\/\"}}]}<\/script>\n<!-- \/ Yoast SEO plugin. -->","yoast_head_json":{"title":"VBA Bellek Yetersiz Hatas\u0131 Nas\u0131l D\u00fczeltilir?","description":"Bu e\u011fitimde neden yetersiz bellek (hata 7) olu\u015ftu\u011funu ve yazarken bununla nas\u0131l ba\u015fa \u00e7\u0131kaca\u011f\u0131n\u0131z\u0131 \u00f6\u011freneceksiniz.","robots":{"index":"index","follow":"follow","max-snippet":"max-snippet:-1","max-image-preview":"max-image-preview:large","max-video-preview":"max-video-preview:-1"},"canonical":"https:\/\/exceladvisor.org\/tr\/yetersiz-bellek-hatasi-7\/","og_locale":"tr_TR","og_type":"article","og_title":"VBA Bellek Yetersiz Hatas\u0131 Nas\u0131l D\u00fczeltilir?","og_description":"Bu e\u011fitimde neden yetersiz bellek (hata 7) olu\u015ftu\u011funu ve yazarken bununla nas\u0131l ba\u015fa \u00e7\u0131kaca\u011f\u0131n\u0131z\u0131 \u00f6\u011freneceksiniz.","og_url":"https:\/\/exceladvisor.org\/tr\/yetersiz-bellek-hatasi-7\/","og_site_name":"Excel Advisor","article_modified_time":"2023-12-10T06:05:01+00:00","twitter_card":"summary_large_image","twitter_misc":{"Tahmini okuma s\u00fcresi":"1 dakika"},"schema":{"@context":"https:\/\/schema.org","@graph":[{"@type":"WebPage","@id":"https:\/\/exceladvisor.org\/tr\/yetersiz-bellek-hatasi-7\/","url":"https:\/\/exceladvisor.org\/tr\/yetersiz-bellek-hatasi-7\/","name":"VBA Bellek Yetersiz Hatas\u0131 Nas\u0131l D\u00fczeltilir?","isPartOf":{"@id":"https:\/\/exceladvisor.org\/tr\/#website"},"datePublished":"2023-09-01T06:13:21+00:00","dateModified":"2023-12-10T06:05:01+00:00","description":"Bu e\u011fitimde neden yetersiz bellek (hata 7) olu\u015ftu\u011funu ve yazarken bununla nas\u0131l ba\u015fa \u00e7\u0131kaca\u011f\u0131n\u0131z\u0131 \u00f6\u011freneceksiniz.","breadcrumb":{"@id":"https:\/\/exceladvisor.org\/tr\/yetersiz-bellek-hatasi-7\/#breadcrumb"},"inLanguage":"tr","potentialAction":[{"@type":"ReadAction","target":["https:\/\/exceladvisor.org\/tr\/yetersiz-bellek-hatasi-7\/"]}]},{"@type":"BreadcrumbList","@id":"https:\/\/exceladvisor.org\/tr\/yetersiz-bellek-hatasi-7\/#breadcrumb","itemListElement":[{"@type":"ListItem","position":1,"name":"Ev","item":"https:\/\/exceladvisor.org\/tr\/"},{"@type":"ListItem","position":2,"name":"Vba bellek yetersiz hatas\u0131 nas\u0131l d\u00fczeltilir?"}]},{"@type":"WebSite","@id":"https:\/\/exceladvisor.org\/tr\/#website","url":"https:\/\/exceladvisor.org\/tr\/","name":"Excel Advisor","description":"Veri hakimiyetine y\u00f6nelik nihai rehberiniz!","publisher":{"@id":"https:\/\/exceladvisor.org\/tr\/#organization"},"potentialAction":[{"@type":"SearchAction","target":{"@type":"EntryPoint","urlTemplate":"https:\/\/exceladvisor.org\/tr\/?s={search_term_string}"},"query-input":{"@type":"PropertyValueSpecification","valueRequired":true,"valueName":"search_term_string"}}],"inLanguage":"tr"},{"@type":"Organization","@id":"https:\/\/exceladvisor.org\/tr\/#organization","name":"Excel Advisor","url":"https:\/\/exceladvisor.org\/tr\/","logo":{"@type":"ImageObject","inLanguage":"tr","@id":"https:\/\/exceladvisor.org\/tr\/#\/schema\/logo\/image\/","url":"https:\/\/exceladvisor.org\/tr\/wp-content\/uploads\/2023\/12\/exceladvisor.org_.png","contentUrl":"https:\/\/exceladvisor.org\/tr\/wp-content\/uploads\/2023\/12\/exceladvisor.org_.png","width":105,"height":36,"caption":"Excel Advisor"},"image":{"@id":"https:\/\/exceladvisor.org\/tr\/#\/schema\/logo\/image\/"}}]}},"yoast_meta":{"yoast_wpseo_title":"","yoast_wpseo_metadesc":"","yoast_wpseo_canonical":""},"_links":{"self":[{"href":"https:\/\/exceladvisor.org\/tr\/wp-json\/wp\/v2\/pages\/2214","targetHints":{"allow":["GET"]}}],"collection":[{"href":"https:\/\/exceladvisor.org\/tr\/wp-json\/wp\/v2\/pages"}],"about":[{"href":"https:\/\/exceladvisor.org\/tr\/wp-json\/wp\/v2\/types\/page"}],"author":[{"embeddable":true,"href":"https:\/\/exceladvisor.org\/tr\/wp-json\/wp\/v2\/users\/1"}],"replies":[{"embeddable":true,"href":"https:\/\/exceladvisor.org\/tr\/wp-json\/wp\/v2\/comments?post=2214"}],"version-history":[{"count":1,"href":"https:\/\/exceladvisor.org\/tr\/wp-json\/wp\/v2\/pages\/2214\/revisions"}],"predecessor-version":[{"id":2786,"href":"https:\/\/exceladvisor.org\/tr\/wp-json\/wp\/v2\/pages\/2214\/revisions\/2786"}],"wp:attachment":[{"href":"https:\/\/exceladvisor.org\/tr\/wp-json\/wp\/v2\/media?parent=2214"}],"curies":[{"name":"wp","href":"https:\/\/api.w.org\/{rel}","templated":true}]}}