{"id":2215,"date":"2023-08-29T13:47:44","date_gmt":"2023-08-29T13:47:44","guid":{"rendered":"https:\/\/exceladvisor.org\/tr\/gizlilik-politikasi\/"},"modified":"2023-12-10T06:07:15","modified_gmt":"2023-12-10T06:07:15","slug":"gizlilik-politikasi","status":"publish","type":"page","link":"https:\/\/exceladvisor.org\/tr\/gizlilik-politikasi\/","title":{"rendered":"Gizlilik politikas\u0131"},"content":{"rendered":"<div class=\"excel-icerikten-once\" id=\"excel-3496970117\"><script type=\"text\/javascript\">\r\n\tatOptions = {\r\n\t\t'key' : 'c1158f160081d6540a8409e6925dab94',\r\n\t\t'format' : 'iframe',\r\n\t\t'height' : 250,\r\n\t\t'width' : 300,\r\n\t\t'params' : {}\r\n\t};\r\n<\/script>\r\n<script type=\"text\/javascript\" src=\"\/\/www.highperformanceformat.com\/c1158f160081d6540a8409e6925dab94\/invoke.js\"><\/script><\/div> <p>Bu Gizlilik Politikas\u0131, <a href=\"https:\/\/exceladvisor.org\/tr\/hakkinda\/\">Excel Advisor&#8217;\u0131n<\/a> https:\/\/exceladvisor.org web sitesinin (&#8220;Site&#8221;) kullan\u0131c\u0131lar\u0131ndan (her biri bir &#8220;Kullan\u0131c\u0131&#8221;) toplanan bilgileri toplama, kullanma, saklama ve a\u00e7\u0131klama \u015feklini y\u00f6netir.<\/p><h2> <strong>Ki\u015fisel olarak tan\u0131mlanabilir bilgiler<\/strong><\/h2><p> Kullan\u0131c\u0131lar\u0131n Sitemizi ziyaret etmesi, Siteye kaydolmas\u0131, sipari\u015f vermesi, form doldurmas\u0131 ve di\u011fer faaliyetler, hizmetler kapsam\u0131nda, bunlarla s\u0131n\u0131rl\u0131 olmamak \u00fczere, Kullan\u0131c\u0131lardan ki\u015fisel kimlik bilgilerini \u00e7e\u015fitli \u015fekillerde toplayabiliriz. sitemizde kullan\u0131ma sundu\u011fumuz \u00f6zellikler veya kaynaklar.<\/p><p> Uygun oldu\u011fu durumlarda kullan\u0131c\u0131lara adlar\u0131, e-posta adresleri ve posta adresleri sorulabilir. Ancak kullan\u0131c\u0131lar Sitemizi anonim olarak ziyaret edebilirler. Kullan\u0131c\u0131lardan ki\u015fisel olarak tan\u0131mlanabilir bilgileri yaln\u0131zca bu t\u00fcr bilgileri bize g\u00f6n\u00fcll\u00fc olarak sunmalar\u0131 durumunda toplayaca\u011f\u0131z. Kullan\u0131c\u0131lar, Siteyle ilgili belirli faaliyetlerde bulunmalar\u0131n\u0131 engelleyebilece\u011fi durumlar haricinde, ki\u015fisel olarak tan\u0131mlay\u0131c\u0131 bilgileri sa\u011flamay\u0131 her zaman reddedebilirler.<\/p><h2> <strong>Ki\u015fisel Olmayan Tan\u0131mlay\u0131c\u0131 Bilgiler<\/strong><\/h2><p> Sitemizle etkile\u015fimde bulunduklar\u0131nda kullan\u0131c\u0131lar hakk\u0131nda ki\u015fisel olmayan kimlik bilgileri toplayabiliriz. Ki\u015fisel olmayan kimlik bilgileri, taray\u0131c\u0131 ad\u0131n\u0131, bilgisayar t\u00fcr\u00fcn\u00fc ve kullan\u0131lan i\u015fletim sistemi ve \u0130nternet servis sa\u011flay\u0131c\u0131lar\u0131 gibi kullan\u0131c\u0131lar\u0131n Sitelerimize ba\u011flant\u0131 ara\u00e7lar\u0131na ili\u015fkin teknik bilgileri ve di\u011fer benzer bilgileri i\u00e7erebilir.<\/p><h2> <strong>Web taray\u0131c\u0131s\u0131 \u00e7erezleri<\/strong><\/h2><p> Sitemiz kullan\u0131c\u0131 deneyimini geli\u015ftirmek amac\u0131yla \u201c\u00e7erezler\u201d kullanabilir. Bir kullan\u0131c\u0131n\u0131n web taray\u0131c\u0131s\u0131, kay\u0131t tutma amac\u0131yla ve bazen de onlar hakk\u0131ndaki bilgileri izlemek i\u00e7in sabit disklerine \u00e7erezler yerle\u015ftirir. Kullan\u0131c\u0131, web taray\u0131c\u0131s\u0131n\u0131 \u00e7erezleri reddedecek veya \u00e7erezler g\u00f6nderildi\u011finde sizi uyaracak \u015fekilde yap\u0131land\u0131rmay\u0131 se\u00e7ebilir. B\u00f6yle bir durumda Sitenin baz\u0131 b\u00f6l\u00fcmlerinin d\u00fczg\u00fcn \u00e7al\u0131\u015fmayabilece\u011fini l\u00fctfen unutmay\u0131n.<\/p><h2> <strong>Toplanan bilgileri nas\u0131l kullan\u0131yoruz?<\/strong><\/h2><p> Excel Dan\u0131\u015fman\u0131, kullan\u0131c\u0131lar\u0131n ki\u015fisel bilgilerini a\u015fa\u011f\u0131daki ama\u00e7larla toplayabilir ve kullanabilir:<\/p><ul><li> <span style=\"text-decoration: underline;\">Sitemizi y\u00f6netmek ve i\u015fletmek i\u00e7in<\/span><br> Site i\u00e7eri\u011fini do\u011fru bir \u015fekilde g\u00f6r\u00fcnt\u00fclemek i\u00e7in bilgilerinize ihtiyac\u0131m\u0131z olabilir.<\/li><li> <span style=\"text-decoration: underline;\">M\u00fc\u015fteri hizmetlerini geli\u015ftirmek i\u00e7in<\/span><br> Sa\u011flad\u0131\u011f\u0131n\u0131z bilgiler, m\u00fc\u015fteri hizmetleri taleplerinize ve destek ihtiya\u00e7lar\u0131n\u0131za daha etkili yan\u0131t vermemize yard\u0131mc\u0131 olur.<\/li><li> <span style=\"text-decoration: underline;\">Kullan\u0131c\u0131 deneyimini ki\u015fiselle\u015ftirmek i\u00e7in<\/span><br> Toplu haldeki bilgileri, kullan\u0131c\u0131lar\u0131m\u0131z\u0131n bir grup olarak sitemizde sa\u011flanan hizmetleri ve kaynaklar\u0131 nas\u0131l kulland\u0131klar\u0131n\u0131 anlamak i\u00e7in kullanabiliriz.<\/li><li> <span style=\"text-decoration: underline;\">Sitemizi geli\u015ftirmek i\u00e7in<\/span><br> \u00dcr\u00fcn ve hizmetlerimizi geli\u015ftirmek i\u00e7in sa\u011flad\u0131\u011f\u0131n\u0131z geri bildirimleri kullanabiliriz.<\/li><\/ul><h3> <strong>Bilgilerinizi nas\u0131l koruyoruz<\/strong><\/h3><p> Ki\u015fisel bilgilerinizin, kullan\u0131c\u0131 ad\u0131n\u0131z\u0131n, \u015fifre \u015fifrelerinizin, i\u015flem bilgilerinizin ve sitemizde saklanan verilerin yetkisiz eri\u015fimine, de\u011fi\u015ftirilmesine, if\u015fa edilmesine veya imha edilmesine kar\u015f\u0131 koruma sa\u011flamak i\u00e7in uygun veri toplama, saklama ve i\u015fleme uygulamalar\u0131n\u0131 ve g\u00fcvenlik \u00f6nlemlerini benimsiyoruz.<\/p><h3> <strong>Ki\u015fisel bilgilerinizi payla\u015f\u0131n<\/strong><\/h3><p> Kullan\u0131c\u0131lar\u0131n ki\u015fisel olarak tan\u0131mlanabilir bilgilerini \u00fc\u00e7\u00fcnc\u00fc taraflara satm\u0131yoruz, takas etmiyoruz veya kiralam\u0131yoruz. Ziyaret\u00e7iler ve kullan\u0131c\u0131lar hakk\u0131ndaki ki\u015fisel kimlik bilgileriyle ba\u011flant\u0131l\u0131 olmayan toplu genel demografik bilgileri, yukar\u0131da a\u00e7\u0131klanan ama\u00e7lar do\u011frultusunda i\u015f ortaklar\u0131m\u0131z, g\u00fcvenilir ba\u011fl\u0131 kurulu\u015flar\u0131m\u0131z ve reklamverenlerimizle payla\u015fabiliriz.<\/p><h2> <strong>\u00dc\u00e7\u00fcnc\u00fc Taraf Web Siteleri<\/strong><\/h2><p> Kullan\u0131c\u0131lar sitemizde ortaklar\u0131m\u0131z\u0131n, tedarik\u00e7ilerimizin, reklamverenlerimizin, sponsorlar\u0131m\u0131z\u0131n, lisans verenlerimizin ve di\u011fer \u00fc\u00e7\u00fcnc\u00fc taraflar\u0131n sitelerine ve hizmetlerine ba\u011flant\u0131 veren reklamlar veya ba\u015fka i\u00e7erikler bulabilirler. Bu sitelerde g\u00f6r\u00fcnen i\u00e7eri\u011fi veya ba\u011flant\u0131lar\u0131 kontrol etmiyoruz ve Sitemize ba\u011flant\u0131 verilen veya Sitemizden ba\u011flant\u0131 verilen web sitelerinin uygulad\u0131\u011f\u0131 uygulamalardan sorumlu de\u011filiz.<\/p><p> Ayr\u0131ca bu siteler veya hizmetler, i\u00e7erikleri ve ba\u011flant\u0131lar\u0131 da dahil olmak \u00fczere s\u00fcrekli olarak geli\u015febilir. Bu sitelerin ve hizmetlerin kendi gizlilik politikalar\u0131 ve m\u00fc\u015fteri hizmetleri politikalar\u0131 olabilir. Sitemize ba\u011fl\u0131 web siteleri de dahil olmak \u00fczere ba\u015fka herhangi bir web sitesinde gezinmek ve etkile\u015fimde bulunmak, o web sitesinin \u015fart ve politikalar\u0131na tabidir.<\/p><h2> <strong>Reklamc\u0131l\u0131k<\/strong><\/h2><p> Sitemizde g\u00f6r\u00fcnen reklamlar, kullan\u0131c\u0131lara \u00e7erez yerle\u015ftirebilecek reklam ortaklar\u0131 taraf\u0131ndan sunulabilir. Bu \u00e7erezler, reklam sunucusunun, siz veya bilgisayar\u0131n\u0131z\u0131 kullanan di\u011fer ki\u015filer hakk\u0131nda ki\u015fisel olarak tan\u0131mlay\u0131c\u0131 olmayan bilgileri derlemek i\u00e7in size \u00e7evrimi\u00e7i bir reklam g\u00f6nderdi\u011finde bilgisayar\u0131n\u0131z\u0131 tan\u0131mas\u0131na olanak tan\u0131r.<\/p><p> Bu bilgi, reklam a\u011flar\u0131n\u0131n, di\u011fer \u015feylerin yan\u0131 s\u0131ra, ilginizi en \u00e7ok \u00e7ekece\u011fine inand\u0131klar\u0131 hedefli reklamlar sunmas\u0131na olanak tan\u0131r. Bu gizlilik politikas\u0131, \u00e7erezlerin reklam verenler taraf\u0131ndan kullan\u0131m\u0131n\u0131 kapsamamaktad\u0131r.<\/p><h2> <strong>Google AdSense<\/strong><\/h2><p> Baz\u0131 reklamlar Google taraf\u0131ndan sunulabilir. Google&#8217;\u0131n DART \u00e7erezini kullanmas\u0131, kullan\u0131c\u0131lara sitemize ve internetteki di\u011fer sitelere yapt\u0131klar\u0131 ziyaretlere dayal\u0131 olarak reklam sunmas\u0131na olanak tan\u0131r. DART, &#8220;ki\u015fisel olarak tan\u0131mlanamayan bilgiler&#8221; kullan\u0131r ve ad\u0131n\u0131z, e-posta adresiniz, fiziksel adresiniz vb. gibi hakk\u0131n\u0131zdaki ki\u015fisel bilgileri \u0130ZLEMEZ.<\/p><p> Google reklam ve i\u00e7erik a\u011f\u0131 gizlilik politikas\u0131n\u0131 ziyaret ederek DART \u00e7erezinin kullan\u0131m\u0131n\u0131 devre d\u0131\u015f\u0131 b\u0131rakabilirsiniz.<\/p><h2> <strong>Bu gizlilik politikas\u0131ndaki de\u011fi\u015fiklikler<\/strong><\/h2><p> Excel Dan\u0131\u015fman\u0131 bu gizlilik politikas\u0131n\u0131 istedi\u011fi zaman g\u00fcncelleme yetkisine sahiptir. Bunu yapt\u0131\u011f\u0131m\u0131zda sitemizin ana sayfas\u0131nda bir bildirim yay\u0131nlayaca\u011f\u0131z. Toplad\u0131\u011f\u0131m\u0131z ki\u015fisel bilgilerin korunmas\u0131na nas\u0131l yard\u0131mc\u0131 oldu\u011fumuz konusunda bilgi sahibi olmalar\u0131 i\u00e7in kullan\u0131c\u0131lar\u0131n herhangi bir de\u011fi\u015fiklik olup olmad\u0131\u011f\u0131n\u0131 g\u00f6rmek i\u00e7in bu sayfay\u0131 s\u0131k s\u0131k kontrol etmelerini \u00f6neririz.<\/p><p> Bu Gizlilik Politikas\u0131n\u0131 periyodik olarak g\u00f6zden ge\u00e7irmenin ve herhangi bir de\u011fi\u015fiklikten haberdar olman\u0131n sizin sorumlulu\u011funuz oldu\u011funu kabul ve beyan edersiniz.<\/p><h3> <strong>Bu \u015fartlar\u0131 kabul etmeniz<\/strong><\/h3><p> Bu siteyi kullanarak bu politikay\u0131 kabul etti\u011finizi belirtirsiniz. Bu politikay\u0131 kabul etmiyorsan\u0131z l\u00fctfen sitemizi kullanmay\u0131n. Bu politikada yap\u0131lan de\u011fi\u015fikliklerin yay\u0131nlanmas\u0131n\u0131n ard\u0131ndan Siteyi kullanmaya devam etmeniz, bu de\u011fi\u015fiklikleri kabul etti\u011finiz anlam\u0131na gelecektir.<\/p><h2> <strong>Bize Ula\u015f\u0131n<\/strong><\/h2><p> Bu Gizlilik Politikas\u0131, bu sitenin uygulamalar\u0131 veya bu siteyle olan ili\u015fkileriniz hakk\u0131nda herhangi bir sorunuz varsa l\u00fctfen <a href=\"https:\/\/exceladvisor.org\/tr\/bize-ulasin\/\">bizimle ileti\u015fime ge\u00e7in<\/a> .<\/p>","protected":false},"excerpt":{"rendered":"","protected":false},"author":1,"featured_media":0,"parent":0,"menu_order":0,"comment_status":"closed","ping_status":"closed","template":"","meta":{"ub_ctt_via":"","footnotes":""},"class_list":["post-2215","page","type-page","status-publish","hentry"],"featured_image_src":null,"yoast_head":"<!-- This site is optimized with the Yoast SEO plugin v25.4 - https:\/\/yoast.com\/wordpress\/plugins\/seo\/ -->\n<title>Gizlilik Politikas\u0131<\/title>\n<meta name=\"robots\" content=\"noindex, nofollow\" \/>\n<meta property=\"og:locale\" content=\"tr_TR\" \/>\n<meta property=\"og:type\" content=\"article\" \/>\n<meta property=\"og:title\" content=\"Gizlilik Politikas\u0131\" \/>\n<meta property=\"og:url\" content=\"https:\/\/exceladvisor.org\/tr\/gizlilik-politikasi\/\" \/>\n<meta property=\"og:site_name\" content=\"Excel Advisor\" \/>\n<meta property=\"article:modified_time\" content=\"2023-12-10T06:07:15+00:00\" \/>\n<meta name=\"twitter:card\" content=\"summary_large_image\" \/>\n<meta name=\"twitter:label1\" content=\"Tahmini okuma s\u00fcresi\" \/>\n\t<meta name=\"twitter:data1\" content=\"5 dakika\" \/>\n<script type=\"application\/ld+json\" class=\"yoast-schema-graph\">{\"@context\":\"https:\/\/schema.org\",\"@graph\":[{\"@type\":\"WebPage\",\"@id\":\"https:\/\/exceladvisor.org\/tr\/gizlilik-politikasi\/\",\"url\":\"https:\/\/exceladvisor.org\/tr\/gizlilik-politikasi\/\",\"name\":\"Gizlilik Politikas\u0131\",\"isPartOf\":{\"@id\":\"https:\/\/exceladvisor.org\/tr\/#website\"},\"datePublished\":\"2023-08-29T13:47:44+00:00\",\"dateModified\":\"2023-12-10T06:07:15+00:00\",\"breadcrumb\":{\"@id\":\"https:\/\/exceladvisor.org\/tr\/gizlilik-politikasi\/#breadcrumb\"},\"inLanguage\":\"tr\",\"potentialAction\":[{\"@type\":\"ReadAction\",\"target\":[\"https:\/\/exceladvisor.org\/tr\/gizlilik-politikasi\/\"]}]},{\"@type\":\"BreadcrumbList\",\"@id\":\"https:\/\/exceladvisor.org\/tr\/gizlilik-politikasi\/#breadcrumb\",\"itemListElement\":[{\"@type\":\"ListItem\",\"position\":1,\"name\":\"Ev\",\"item\":\"https:\/\/exceladvisor.org\/tr\/\"},{\"@type\":\"ListItem\",\"position\":2,\"name\":\"Gizlilik politikas\u0131\"}]},{\"@type\":\"WebSite\",\"@id\":\"https:\/\/exceladvisor.org\/tr\/#website\",\"url\":\"https:\/\/exceladvisor.org\/tr\/\",\"name\":\"Excel Advisor\",\"description\":\"Veri hakimiyetine y\u00f6nelik nihai rehberiniz!\",\"publisher\":{\"@id\":\"https:\/\/exceladvisor.org\/tr\/#organization\"},\"potentialAction\":[{\"@type\":\"SearchAction\",\"target\":{\"@type\":\"EntryPoint\",\"urlTemplate\":\"https:\/\/exceladvisor.org\/tr\/?s={search_term_string}\"},\"query-input\":{\"@type\":\"PropertyValueSpecification\",\"valueRequired\":true,\"valueName\":\"search_term_string\"}}],\"inLanguage\":\"tr\"},{\"@type\":\"Organization\",\"@id\":\"https:\/\/exceladvisor.org\/tr\/#organization\",\"name\":\"Excel Advisor\",\"url\":\"https:\/\/exceladvisor.org\/tr\/\",\"logo\":{\"@type\":\"ImageObject\",\"inLanguage\":\"tr\",\"@id\":\"https:\/\/exceladvisor.org\/tr\/#\/schema\/logo\/image\/\",\"url\":\"https:\/\/exceladvisor.org\/tr\/wp-content\/uploads\/2023\/12\/exceladvisor.org_.png\",\"contentUrl\":\"https:\/\/exceladvisor.org\/tr\/wp-content\/uploads\/2023\/12\/exceladvisor.org_.png\",\"width\":105,\"height\":36,\"caption\":\"Excel Advisor\"},\"image\":{\"@id\":\"https:\/\/exceladvisor.org\/tr\/#\/schema\/logo\/image\/\"}}]}<\/script>\n<!-- \/ Yoast SEO plugin. -->","yoast_head_json":{"title":"Gizlilik Politikas\u0131","robots":{"index":"noindex","follow":"nofollow"},"og_locale":"tr_TR","og_type":"article","og_title":"Gizlilik Politikas\u0131","og_url":"https:\/\/exceladvisor.org\/tr\/gizlilik-politikasi\/","og_site_name":"Excel Advisor","article_modified_time":"2023-12-10T06:07:15+00:00","twitter_card":"summary_large_image","twitter_misc":{"Tahmini okuma s\u00fcresi":"5 dakika"},"schema":{"@context":"https:\/\/schema.org","@graph":[{"@type":"WebPage","@id":"https:\/\/exceladvisor.org\/tr\/gizlilik-politikasi\/","url":"https:\/\/exceladvisor.org\/tr\/gizlilik-politikasi\/","name":"Gizlilik Politikas\u0131","isPartOf":{"@id":"https:\/\/exceladvisor.org\/tr\/#website"},"datePublished":"2023-08-29T13:47:44+00:00","dateModified":"2023-12-10T06:07:15+00:00","breadcrumb":{"@id":"https:\/\/exceladvisor.org\/tr\/gizlilik-politikasi\/#breadcrumb"},"inLanguage":"tr","potentialAction":[{"@type":"ReadAction","target":["https:\/\/exceladvisor.org\/tr\/gizlilik-politikasi\/"]}]},{"@type":"BreadcrumbList","@id":"https:\/\/exceladvisor.org\/tr\/gizlilik-politikasi\/#breadcrumb","itemListElement":[{"@type":"ListItem","position":1,"name":"Ev","item":"https:\/\/exceladvisor.org\/tr\/"},{"@type":"ListItem","position":2,"name":"Gizlilik politikas\u0131"}]},{"@type":"WebSite","@id":"https:\/\/exceladvisor.org\/tr\/#website","url":"https:\/\/exceladvisor.org\/tr\/","name":"Excel Advisor","description":"Veri hakimiyetine y\u00f6nelik nihai rehberiniz!","publisher":{"@id":"https:\/\/exceladvisor.org\/tr\/#organization"},"potentialAction":[{"@type":"SearchAction","target":{"@type":"EntryPoint","urlTemplate":"https:\/\/exceladvisor.org\/tr\/?s={search_term_string}"},"query-input":{"@type":"PropertyValueSpecification","valueRequired":true,"valueName":"search_term_string"}}],"inLanguage":"tr"},{"@type":"Organization","@id":"https:\/\/exceladvisor.org\/tr\/#organization","name":"Excel Advisor","url":"https:\/\/exceladvisor.org\/tr\/","logo":{"@type":"ImageObject","inLanguage":"tr","@id":"https:\/\/exceladvisor.org\/tr\/#\/schema\/logo\/image\/","url":"https:\/\/exceladvisor.org\/tr\/wp-content\/uploads\/2023\/12\/exceladvisor.org_.png","contentUrl":"https:\/\/exceladvisor.org\/tr\/wp-content\/uploads\/2023\/12\/exceladvisor.org_.png","width":105,"height":36,"caption":"Excel Advisor"},"image":{"@id":"https:\/\/exceladvisor.org\/tr\/#\/schema\/logo\/image\/"}}]}},"yoast_meta":{"yoast_wpseo_title":"","yoast_wpseo_metadesc":"","yoast_wpseo_canonical":""},"_links":{"self":[{"href":"https:\/\/exceladvisor.org\/tr\/wp-json\/wp\/v2\/pages\/2215","targetHints":{"allow":["GET"]}}],"collection":[{"href":"https:\/\/exceladvisor.org\/tr\/wp-json\/wp\/v2\/pages"}],"about":[{"href":"https:\/\/exceladvisor.org\/tr\/wp-json\/wp\/v2\/types\/page"}],"author":[{"embeddable":true,"href":"https:\/\/exceladvisor.org\/tr\/wp-json\/wp\/v2\/users\/1"}],"replies":[{"embeddable":true,"href":"https:\/\/exceladvisor.org\/tr\/wp-json\/wp\/v2\/comments?post=2215"}],"version-history":[{"count":1,"href":"https:\/\/exceladvisor.org\/tr\/wp-json\/wp\/v2\/pages\/2215\/revisions"}],"predecessor-version":[{"id":2239,"href":"https:\/\/exceladvisor.org\/tr\/wp-json\/wp\/v2\/pages\/2215\/revisions\/2239"}],"wp:attachment":[{"href":"https:\/\/exceladvisor.org\/tr\/wp-json\/wp\/v2\/media?parent=2215"}],"curies":[{"name":"wp","href":"https:\/\/api.w.org\/{rel}","templated":true}]}}