{"id":2216,"date":"2023-08-29T13:31:33","date_gmt":"2023-08-29T13:31:33","guid":{"rendered":"https:\/\/exceladvisor.org\/tr\/bize-ulasin\/"},"modified":"2023-12-10T06:07:17","modified_gmt":"2023-12-10T06:07:17","slug":"bize-ulasin","status":"publish","type":"page","link":"https:\/\/exceladvisor.org\/tr\/bize-ulasin\/","title":{"rendered":"Bize ula\u015f\u0131n"},"content":{"rendered":"<div class=\"excel-icerikten-once\" id=\"excel-673622247\"><script type=\"text\/javascript\">\r\n\tatOptions = {\r\n\t\t'key' : 'c1158f160081d6540a8409e6925dab94',\r\n\t\t'format' : 'iframe',\r\n\t\t'height' : 250,\r\n\t\t'width' : 300,\r\n\t\t'params' : {}\r\n\t};\r\n<\/script>\r\n<script type=\"text\/javascript\" src=\"\/\/www.highperformanceformat.com\/c1158f160081d6540a8409e6925dab94\/invoke.js\"><\/script><\/div> Excel Dan\u0131\u015fman\u0131 olarak bizimle ileti\u015fime ge\u00e7mekten memnuniyet duyuyoruz. Sorular\u0131n\u0131z, yorumlar\u0131n\u0131z, i\u015fbirli\u011fi \u00f6nerileriniz varsa veya yaln\u0131zca merhaba demek istiyorsan\u0131z, sizi dinlemek i\u00e7in buraday\u0131z. D\u00fc\u015f\u00fcnceleriniz bizim i\u00e7in \u00f6nemlidir ve size m\u00fcmk\u00fcn olan en iyi yard\u0131m\u0131 sa\u011flamaya kararl\u0131y\u0131z.\n\nEle almam\u0131z\u0131 istedi\u011finiz sorular\u0131n\u0131z veya spesifik konular\u0131n\u0131z varsa l\u00fctfen bize bildirin. Katk\u0131lar\u0131n\u0131za de\u011fer veriyoruz ve ihtiya\u00e7lar\u0131n\u0131z\u0131 ve ilgi alanlar\u0131n\u0131z\u0131 ger\u00e7ekten kar\u015f\u0131layan i\u00e7erik olu\u015fturmaya \u00e7al\u0131\u015f\u0131yoruz. Uzman ekibimiz Excel ve Google E-Tablolar ile ilgili sorular\u0131n\u0131zda size yard\u0131mc\u0131 olmaya her zaman haz\u0131rd\u0131r.\n\nBunu yapmak i\u00e7in a\u015fa\u011f\u0131daki ileti\u015fim formunu doldurman\u0131z yeterlidir; ekibimizin bir \u00fcyesi kar\u015f\u0131n\u0131za \u00e7\u0131kacakt\u0131r.\n\n<iframe loading=\"lazy\" src=\"https:\/\/docs.google.com\/forms\/d\/e\/1FAIpQLScKvLNGn_InxeiIk--T1X5HWKdAwT7PtPlVeLWe4JMzw5Xr4g\/viewform?embedded=true\" width=\"640\" height=\"791\" frameborder=\"0\" marginwidth=\"0\" marginheight=\"0\">Loading\u2026<\/iframe>","protected":false},"excerpt":{"rendered":"","protected":false},"author":1,"featured_media":0,"parent":0,"menu_order":0,"comment_status":"closed","ping_status":"closed","template":"","meta":{"ub_ctt_via":"","footnotes":""},"class_list":["post-2216","page","type-page","status-publish","hentry"],"featured_image_src":null,"yoast_head":"<!-- This site is optimized with the Yoast SEO plugin v25.4 - https:\/\/yoast.com\/wordpress\/plugins\/seo\/ -->\n<title>Bize Ula\u015f\u0131n - Excel Advisor<\/title>\n<meta name=\"description\" content=\"Sorular\u0131n\u0131z, yorumlar\u0131n\u0131z, i\u015fbirli\u011fi \u00f6nerileriniz varsa ya da sadece merhaba demek istiyorsan\u0131z buraday\u0131z\" \/>\n<meta name=\"robots\" content=\"index, follow, max-snippet:-1, max-image-preview:large, max-video-preview:-1\" \/>\n<link rel=\"canonical\" href=\"https:\/\/exceladvisor.org\/tr\/bize-ulasin\/\" \/>\n<meta property=\"og:locale\" content=\"tr_TR\" \/>\n<meta property=\"og:type\" content=\"article\" \/>\n<meta property=\"og:title\" content=\"Bize Ula\u015f\u0131n - Excel Advisor\" \/>\n<meta property=\"og:description\" content=\"Sorular\u0131n\u0131z, yorumlar\u0131n\u0131z, i\u015fbirli\u011fi \u00f6nerileriniz varsa ya da sadece merhaba demek istiyorsan\u0131z buraday\u0131z\" \/>\n<meta property=\"og:url\" content=\"https:\/\/exceladvisor.org\/tr\/bize-ulasin\/\" \/>\n<meta property=\"og:site_name\" content=\"Excel Advisor\" \/>\n<meta property=\"article:modified_time\" content=\"2023-12-10T06:07:17+00:00\" \/>\n<meta name=\"twitter:card\" content=\"summary_large_image\" \/>\n<meta name=\"twitter:label1\" content=\"Tahmini okuma s\u00fcresi\" \/>\n\t<meta name=\"twitter:data1\" content=\"1 dakika\" \/>\n<script type=\"application\/ld+json\" class=\"yoast-schema-graph\">{\"@context\":\"https:\/\/schema.org\",\"@graph\":[{\"@type\":\"WebPage\",\"@id\":\"https:\/\/exceladvisor.org\/tr\/bize-ulasin\/\",\"url\":\"https:\/\/exceladvisor.org\/tr\/bize-ulasin\/\",\"name\":\"Bize Ula\u015f\u0131n - Excel Advisor\",\"isPartOf\":{\"@id\":\"https:\/\/exceladvisor.org\/tr\/#website\"},\"datePublished\":\"2023-08-29T13:31:33+00:00\",\"dateModified\":\"2023-12-10T06:07:17+00:00\",\"description\":\"Sorular\u0131n\u0131z, yorumlar\u0131n\u0131z, i\u015fbirli\u011fi \u00f6nerileriniz varsa ya da sadece merhaba demek istiyorsan\u0131z buraday\u0131z\",\"breadcrumb\":{\"@id\":\"https:\/\/exceladvisor.org\/tr\/bize-ulasin\/#breadcrumb\"},\"inLanguage\":\"tr\",\"potentialAction\":[{\"@type\":\"ReadAction\",\"target\":[\"https:\/\/exceladvisor.org\/tr\/bize-ulasin\/\"]}]},{\"@type\":\"BreadcrumbList\",\"@id\":\"https:\/\/exceladvisor.org\/tr\/bize-ulasin\/#breadcrumb\",\"itemListElement\":[{\"@type\":\"ListItem\",\"position\":1,\"name\":\"Ev\",\"item\":\"https:\/\/exceladvisor.org\/tr\/\"},{\"@type\":\"ListItem\",\"position\":2,\"name\":\"Bize ula\u015f\u0131n\"}]},{\"@type\":\"WebSite\",\"@id\":\"https:\/\/exceladvisor.org\/tr\/#website\",\"url\":\"https:\/\/exceladvisor.org\/tr\/\",\"name\":\"Excel Advisor\",\"description\":\"Veri hakimiyetine y\u00f6nelik nihai rehberiniz!\",\"publisher\":{\"@id\":\"https:\/\/exceladvisor.org\/tr\/#organization\"},\"potentialAction\":[{\"@type\":\"SearchAction\",\"target\":{\"@type\":\"EntryPoint\",\"urlTemplate\":\"https:\/\/exceladvisor.org\/tr\/?s={search_term_string}\"},\"query-input\":{\"@type\":\"PropertyValueSpecification\",\"valueRequired\":true,\"valueName\":\"search_term_string\"}}],\"inLanguage\":\"tr\"},{\"@type\":\"Organization\",\"@id\":\"https:\/\/exceladvisor.org\/tr\/#organization\",\"name\":\"Excel Advisor\",\"url\":\"https:\/\/exceladvisor.org\/tr\/\",\"logo\":{\"@type\":\"ImageObject\",\"inLanguage\":\"tr\",\"@id\":\"https:\/\/exceladvisor.org\/tr\/#\/schema\/logo\/image\/\",\"url\":\"https:\/\/exceladvisor.org\/tr\/wp-content\/uploads\/2023\/12\/exceladvisor.org_.png\",\"contentUrl\":\"https:\/\/exceladvisor.org\/tr\/wp-content\/uploads\/2023\/12\/exceladvisor.org_.png\",\"width\":105,\"height\":36,\"caption\":\"Excel Advisor\"},\"image\":{\"@id\":\"https:\/\/exceladvisor.org\/tr\/#\/schema\/logo\/image\/\"}}]}<\/script>\n<!-- \/ Yoast SEO plugin. -->","yoast_head_json":{"title":"Bize Ula\u015f\u0131n - Excel Advisor","description":"Sorular\u0131n\u0131z, yorumlar\u0131n\u0131z, i\u015fbirli\u011fi \u00f6nerileriniz varsa ya da sadece merhaba demek istiyorsan\u0131z buraday\u0131z","robots":{"index":"index","follow":"follow","max-snippet":"max-snippet:-1","max-image-preview":"max-image-preview:large","max-video-preview":"max-video-preview:-1"},"canonical":"https:\/\/exceladvisor.org\/tr\/bize-ulasin\/","og_locale":"tr_TR","og_type":"article","og_title":"Bize Ula\u015f\u0131n - Excel Advisor","og_description":"Sorular\u0131n\u0131z, yorumlar\u0131n\u0131z, i\u015fbirli\u011fi \u00f6nerileriniz varsa ya da sadece merhaba demek istiyorsan\u0131z buraday\u0131z","og_url":"https:\/\/exceladvisor.org\/tr\/bize-ulasin\/","og_site_name":"Excel Advisor","article_modified_time":"2023-12-10T06:07:17+00:00","twitter_card":"summary_large_image","twitter_misc":{"Tahmini okuma s\u00fcresi":"1 dakika"},"schema":{"@context":"https:\/\/schema.org","@graph":[{"@type":"WebPage","@id":"https:\/\/exceladvisor.org\/tr\/bize-ulasin\/","url":"https:\/\/exceladvisor.org\/tr\/bize-ulasin\/","name":"Bize Ula\u015f\u0131n - Excel Advisor","isPartOf":{"@id":"https:\/\/exceladvisor.org\/tr\/#website"},"datePublished":"2023-08-29T13:31:33+00:00","dateModified":"2023-12-10T06:07:17+00:00","description":"Sorular\u0131n\u0131z, yorumlar\u0131n\u0131z, i\u015fbirli\u011fi \u00f6nerileriniz varsa ya da sadece merhaba demek istiyorsan\u0131z buraday\u0131z","breadcrumb":{"@id":"https:\/\/exceladvisor.org\/tr\/bize-ulasin\/#breadcrumb"},"inLanguage":"tr","potentialAction":[{"@type":"ReadAction","target":["https:\/\/exceladvisor.org\/tr\/bize-ulasin\/"]}]},{"@type":"BreadcrumbList","@id":"https:\/\/exceladvisor.org\/tr\/bize-ulasin\/#breadcrumb","itemListElement":[{"@type":"ListItem","position":1,"name":"Ev","item":"https:\/\/exceladvisor.org\/tr\/"},{"@type":"ListItem","position":2,"name":"Bize ula\u015f\u0131n"}]},{"@type":"WebSite","@id":"https:\/\/exceladvisor.org\/tr\/#website","url":"https:\/\/exceladvisor.org\/tr\/","name":"Excel Advisor","description":"Veri hakimiyetine y\u00f6nelik nihai rehberiniz!","publisher":{"@id":"https:\/\/exceladvisor.org\/tr\/#organization"},"potentialAction":[{"@type":"SearchAction","target":{"@type":"EntryPoint","urlTemplate":"https:\/\/exceladvisor.org\/tr\/?s={search_term_string}"},"query-input":{"@type":"PropertyValueSpecification","valueRequired":true,"valueName":"search_term_string"}}],"inLanguage":"tr"},{"@type":"Organization","@id":"https:\/\/exceladvisor.org\/tr\/#organization","name":"Excel Advisor","url":"https:\/\/exceladvisor.org\/tr\/","logo":{"@type":"ImageObject","inLanguage":"tr","@id":"https:\/\/exceladvisor.org\/tr\/#\/schema\/logo\/image\/","url":"https:\/\/exceladvisor.org\/tr\/wp-content\/uploads\/2023\/12\/exceladvisor.org_.png","contentUrl":"https:\/\/exceladvisor.org\/tr\/wp-content\/uploads\/2023\/12\/exceladvisor.org_.png","width":105,"height":36,"caption":"Excel Advisor"},"image":{"@id":"https:\/\/exceladvisor.org\/tr\/#\/schema\/logo\/image\/"}}]}},"yoast_meta":{"yoast_wpseo_title":"","yoast_wpseo_metadesc":"","yoast_wpseo_canonical":""},"_links":{"self":[{"href":"https:\/\/exceladvisor.org\/tr\/wp-json\/wp\/v2\/pages\/2216","targetHints":{"allow":["GET"]}}],"collection":[{"href":"https:\/\/exceladvisor.org\/tr\/wp-json\/wp\/v2\/pages"}],"about":[{"href":"https:\/\/exceladvisor.org\/tr\/wp-json\/wp\/v2\/types\/page"}],"author":[{"embeddable":true,"href":"https:\/\/exceladvisor.org\/tr\/wp-json\/wp\/v2\/users\/1"}],"replies":[{"embeddable":true,"href":"https:\/\/exceladvisor.org\/tr\/wp-json\/wp\/v2\/comments?post=2216"}],"version-history":[{"count":1,"href":"https:\/\/exceladvisor.org\/tr\/wp-json\/wp\/v2\/pages\/2216\/revisions"}],"predecessor-version":[{"id":2236,"href":"https:\/\/exceladvisor.org\/tr\/wp-json\/wp\/v2\/pages\/2216\/revisions\/2236"}],"wp:attachment":[{"href":"https:\/\/exceladvisor.org\/tr\/wp-json\/wp\/v2\/media?parent=2216"}],"curies":[{"name":"wp","href":"https:\/\/api.w.org\/{rel}","templated":true}]}}